{"id":218,"date":"2023-04-17T12:23:44","date_gmt":"2023-04-17T15:23:44","guid":{"rendered":"https:\/\/brinkbi.com.br\/?post_type=product&#038;p=218"},"modified":"2023-04-17T12:23:55","modified_gmt":"2023-04-17T15:23:55","slug":"bomba-eletrica-para-galao-de-agua-copia","status":"publish","type":"product","link":"https:\/\/brinkbi.com.br\/index.php\/produto\/bomba-eletrica-para-galao-de-agua-copia\/","title":{"rendered":"Bomba El\u00e9trica Para Gal\u00e3o De \u00c1gua (c\u00f3pia)"},"content":{"rendered":"<h1 class=\"a-size-base-plus a-text-bold\">Sobre este item<\/h1>\n<ul class=\"a-unordered-list a-vertical a-spacing-mini\">\n<li><span class=\"a-list-item\">Esque\u00e7a o Peso de Virar o gal\u00e3o no antigo bebedouro, apresentamos uma forma diferente e simples, onde voc\u00ea pode levar para qualquer lugar e encaixar em qualquer modelo de gal\u00e3o tranquilamente.<br \/>\nO bomba para gal\u00e3o de \u00e1gua el\u00e9trica recarreg\u00e1vel \u00e9 universal, que serve em gal\u00f5es e garraf\u00f5es de 5L, 10L, 20L e similaresEspecifica\u00e7\u00f5es do Produto:<br \/>\n&#8211; Bateria Forte: Dura at\u00e9 8 gal\u00f5es de \u00e1gua de 20 Litros. Carga: 3 Horas.<br \/>\n&#8211; Pode ser usada quando estiver carregando.<\/span><\/li>\n<\/ul>\n","protected":false},"excerpt":{"rendered":"<table class=\"a-normal a-spacing-micro\">\n<tbody>\n<tr class=\"a-spacing-small po-material\">\n<td class=\"a-span3\"><span class=\"a-size-base a-text-bold\">Material<\/span><\/td>\n<td class=\"a-span9\"><span class=\"a-size-base po-break-word\">Pl\u00e1stico<\/span><\/td>\n<\/tr>\n<tr class=\"a-spacing-small po-style\">\n<td class=\"a-span3\"><span class=\"a-size-base a-text-bold\">Estilo<\/span><\/td>\n<td class=\"a-span9\"><span class=\"a-size-base po-break-word\">Submersible<\/span><\/td>\n<\/tr>\n<tr class=\"a-spacing-small po-item_dimensions\">\n<td class=\"a-span3\"><span class=\"a-size-base a-text-bold\">Dimens\u00f5es do item C x L x A<\/span><\/td>\n<td class=\"a-span9\"><span class=\"a-size-base po-break-word\">15 x 10 x 9 cent\u00edmetros<\/span><\/td>\n<\/tr>\n<tr class=\"a-spacing-small po-power_source_type\">\n<td class=\"a-span3\"><span class=\"a-size-base a-text-bold\">Fonte de alimenta\u00e7\u00e3o<\/span><\/td>\n<td class=\"a-span9\"><span class=\"a-size-base po-break-word\">Alimentado por bateria<\/span><\/td>\n<\/tr>\n<tr class=\"a-spacing-small po-item_weight\">\n<td class=\"a-span3\"><span class=\"a-size-base a-text-bold\">Peso do produto<\/span><\/td>\n<td class=\"a-span9\"><span class=\"a-size-base po-break-word\">0.7 Quilogramas<\/span><\/td>\n<\/tr>\n<\/tbody>\n<\/table>\n","protected":false},"featured_media":170,"comment_status":"open","ping_status":"closed","template":"","meta":[],"product_brand":[],"product_cat":[31],"product_tag":[],"class_list":{"0":"post-218","1":"product","2":"type-product","3":"status-publish","4":"has-post-thumbnail","6":"product_cat-ultilidades","8":"first","9":"instock","10":"taxable","11":"shipping-taxable","12":"purchasable","13":"product-type-simple"},"_links":{"self":[{"href":"https:\/\/brinkbi.com.br\/index.php\/wp-json\/wp\/v2\/product\/218","targetHints":{"allow":["GET"]}}],"collection":[{"href":"https:\/\/brinkbi.com.br\/index.php\/wp-json\/wp\/v2\/product"}],"about":[{"href":"https:\/\/brinkbi.com.br\/index.php\/wp-json\/wp\/v2\/types\/product"}],"replies":[{"embeddable":true,"href":"https:\/\/brinkbi.com.br\/index.php\/wp-json\/wp\/v2\/comments?post=218"}],"wp:featuredmedia":[{"embeddable":true,"href":"https:\/\/brinkbi.com.br\/index.php\/wp-json\/wp\/v2\/media\/170"}],"wp:attachment":[{"href":"https:\/\/brinkbi.com.br\/index.php\/wp-json\/wp\/v2\/media?parent=218"}],"wp:term":[{"taxonomy":"product_brand","embeddable":true,"href":"https:\/\/brinkbi.com.br\/index.php\/wp-json\/wp\/v2\/product_brand?post=218"},{"taxonomy":"product_cat","embeddable":true,"href":"https:\/\/brinkbi.com.br\/index.php\/wp-json\/wp\/v2\/product_cat?post=218"},{"taxonomy":"product_tag","embeddable":true,"href":"https:\/\/brinkbi.com.br\/index.php\/wp-json\/wp\/v2\/product_tag?post=218"}],"curies":[{"name":"wp","href":"https:\/\/api.w.org\/{rel}","templated":true}]}}