{"id":301,"date":"2023-04-18T10:08:46","date_gmt":"2023-04-18T13:08:46","guid":{"rendered":"https:\/\/brinkbi.com.br\/index.php\/produto\/caixa-de-som-a-prova-dagua-bluetooth\/"},"modified":"2023-05-09T19:48:12","modified_gmt":"2023-05-09T22:48:12","slug":"caixa-de-som-a-prova-dagua-bluetooth","status":"publish","type":"product","link":"https:\/\/brinkbi.com.br\/index.php\/produto\/caixa-de-som-a-prova-dagua-bluetooth\/","title":{"rendered":"Caixa De Som A Prova D\u00b4\u00e1gua Bluetooth"},"content":{"rendered":"<h2 class=\"ui-pdp-description__title\">Descri\u00e7\u00e3o<\/h2>\n<p class=\"ui-pdp-description__content\">Caixa de Som Kapbum A prova d&#8217;\u00e1gua com Certificado IP66 e Homologada Anatel.<br \/>Ideal para ouvir m\u00fasica na piscina, praia, viagens ou pra quem adora ouvir m\u00fasica no chuveiro!!!<\/p>\n<p>CONFIRA V\u00cdDEO EXCLUSIVO DE SUA CAIXINHA DE SOM !<br \/>Port\u00e1til e \u00c1udio realmente de Qualidade, Potente com Excelentes Graves e sem distor\u00e7\u00f5es.<\/p>\n<p>&#8211; Fun\u00e7\u00e3o TWS ( conecta at\u00e9 2 Caixinhas KA-8506)<br \/>&#8211; Conex\u00e3o Bluetooth 4.2 ( Atende Chamadas)<br \/>&#8211; Entrada para Pen Drive e Cart\u00e3o Micro SD<br \/>&#8211; Entrada Aux para Cabos P2 ( Compat\u00edvel com Microfones MINI Jack 3.5mm, Mp3, tablet\u00b4s)<br \/>&#8211; LED Indicador Bateria ( Azul em uso \/ Vermelho carregamento e Verde pronto para uso)<\/p>\n<p>&#8211; Recarreg\u00e1vel<br \/>&#8211; Dura\u00e7\u00e3o da Bateria: 6 horas ( EM VOLUME M\u00c9DIO)<br \/>&#8211; Dura\u00e7\u00e3o Recarga: 2 hora<br \/>&#8211; Sensibilidade: 80dB<br \/>&#8211; Pot\u00eancia de sa\u00edda: 5W (RMS) &#8211; Reais<br \/>&#8211; Resposta de frequ\u00eancia: 60 Hz-20KHz<br \/>&#8211; Bateria recarreg\u00e1vel: 3,7\/1200mAh<br \/>&#8211; Alimenta\u00e7\u00e3o: 5V-500mA-2A &#8211; pela USB<\/p>\n<p>&#8211; Dimens\u00f5es: 11,3 x 5 cm Peso: 313,5 g<br \/>&#8211; Alto Falante: 1 Di\u00e2metro 5,2cm &#8211; 1 Polegada<\/p>\n<p>Diquinha:<br \/>Bot\u00f5es +\/- : Para ajuste de Volume ou Aperte e segure para avan\u00e7ar\/voltar m\u00fasica<br \/>Bot\u00e3o M ( Op\u00e7\u00f5es)<br \/>Pressione 1 x : Atender Chamadas<br \/>Pressione Duplo Click : Rejeita Chamada ( se estiver no modo m\u00fasica aperte 2x para fazer chamada mais recente)<\/p>\n<p>Itens inclusos:<br \/>&#8211; 1 Caixa de Som KAP-8106<br \/>&#8211; 1 Cabo USB (Carregamento)<br \/>&#8211; 1 Cabo P2\/P2<\/p>\n<p>REGISTRO Anatel : 157482113887<\/p>\n<p>Envio FULL\/FLEX Compre e receba no mesmo dia com Nota Fiscal e Garantia:<\/p>\n<p>&#8211; MAIS Seguran\u00e7a!<br \/>&#8211; MAIS Prote\u00e7\u00e3o!<br \/>&#8211; MAIS Velocidade!<\/p>\n","protected":false},"excerpt":{"rendered":"<div class=\"ui-pdp-container__row ui-pdp-container__row--highlighted-specs-title\">\n<h2 class=\"ui-vpp-text-alignment--left ui-pdp-color--BLACK ui-pdp-size--XLARGE ui-pdp-family--REGULAR highlighted-specs-title\" style=\"font-weight: 400;line-height: 1.25;margin: 0px;font-size: 24px\" data-mce-style=\"font-weight: 400; line-height: 1.25; margin: 0px; font-size: 24px;\">Caracter\u00edsticas do produto<\/h2>\n<\/div>\n<div class=\"ui-pdp-container__row ui-pdp-container__row--attributes\">\n<div class=\"ui-vpp-highlighted-specs__attribute-columns\" style=\"gap: 40px;grid-template-columns: 1fr 1fr;width: 718px\" data-mce-style=\"gap: 40px; grid-template-columns: 1fr 1fr; width: 718px;\">\n<div class=\"ui-vpp-highlighted-specs__attribute-columns__column\" style=\"overflow: hidden;width: 339px\" data-mce-style=\"overflow: hidden; width: 339px;\">\n<div class=\"ui-pdp-container__row ui-vpp-highlighted-specs__attribute-columns__row\" style=\"flex: 0 1 auto;flex-flow: row wrap;margin-bottom: 24px\" data-mce-style=\"flex: 0 1 auto; flex-flow: row wrap; margin-bottom: 24px;\">\n<div class=\"ui-vpp-highlighted-specs__key-value\" style=\"width: 339px;align-items: center\" data-mce-style=\"width: 339px; align-items: center;\">\n<div aria-hidden=\"true\" class=\"ui-pdp-background-color--GRAY_40 ui-vpp-highlighted-specs__filled-icon ui-vpp-highlighted-specs__filled-icon--ROUNDED\" style=\"position: relative;border-radius: 50%;height: 32px;max-height: 32px;max-width: 32px;min-height: 32px;min-width: 32px;width: 32px;align-self: start\" data-mce-style=\"position: relative; border-radius: 50%; height: 32px; max-height: 32px; max-width: 32px; min-height: 32px; min-width: 32px; width: 32px; align-self: start;\"><img decoding=\"async\" src=\"https:\/\/http2.mlstatic.com\/storage\/catalog-technical-specs\/images\/assets\/vectorial\/tipos_de_parlante_sp.svg\" class=\"ui-pdp-image ui-vpp-image-component\" style=\"left: 16px;margin: auto;position: absolute;top: 16px\" data-mce-src=\"https:\/\/http2.mlstatic.com\/storage\/catalog-technical-specs\/images\/assets\/vectorial\/tipos_de_parlante_sp.svg\" data-mce-style=\"left: 16px; margin: auto; position: absolute; top: 16px;\"><\/div>\n<div class=\"ui-vpp-highlighted-specs__key-value__labels\" style=\"align-items: center;margin-left: 16px;overflow: hidden\" data-mce-style=\"align-items: center; margin-left: 16px; overflow: hidden;\">\n<p class=\"ui-pdp-family--REGULAR ui-vpp-highlighted-specs__key-value__labels__key-value\" style=\"margin: 0px;overflow: hidden\" data-mce-style=\"margin: 0px; overflow: hidden;\"><span class=\"ui-pdp-color--BLACK ui-pdp-size--XSMALL ui-pdp-family--REGULAR\" style=\"font-size: 14px\" data-mce-style=\"font-size: 14px;\">Tipos de alto-falante:<\/span>\u00a0<span class=\"ui-pdp-color--BLACK ui-pdp-size--XSMALL ui-pdp-family--SEMIBOLD\" style=\"font-size: 14px;font-weight: 600\" data-mce-style=\"font-size: 14px; font-weight: 600;\">Subwoofer<\/span><\/p>\n<\/div>\n<\/div>\n<\/div>\n<div class=\"ui-pdp-container__row ui-vpp-highlighted-specs__attribute-columns__row\" style=\"flex: 0 1 auto;flex-flow: row wrap;margin-bottom: 24px\" data-mce-style=\"flex: 0 1 auto; flex-flow: row wrap; margin-bottom: 24px;\">\n<div class=\"ui-vpp-highlighted-specs__key-value\" style=\"width: 339px;align-items: center\" data-mce-style=\"width: 339px; align-items: center;\">\n<div aria-hidden=\"true\" class=\"ui-pdp-background-color--GRAY_40 ui-vpp-highlighted-specs__filled-icon ui-vpp-highlighted-specs__filled-icon--ROUNDED\" style=\"position: relative;border-radius: 50%;height: 32px;max-height: 32px;max-width: 32px;min-height: 32px;min-width: 32px;width: 32px;align-self: start\" data-mce-style=\"position: relative; border-radius: 50%; height: 32px; max-height: 32px; max-width: 32px; min-height: 32px; min-width: 32px; width: 32px; align-self: start;\"><img decoding=\"async\" src=\"https:\/\/http2.mlstatic.com\/storage\/catalog-technical-specs\/images\/assets\/vectorial\/es_apto_para_uso_en_exteriores_sp.svg\" class=\"ui-pdp-image ui-vpp-image-component\" style=\"left: 16px;margin: auto;position: absolute;top: 16px\" data-mce-src=\"https:\/\/http2.mlstatic.com\/storage\/catalog-technical-specs\/images\/assets\/vectorial\/es_apto_para_uso_en_exteriores_sp.svg\" data-mce-style=\"left: 16px; margin: auto; position: absolute; top: 16px;\"><\/div>\n<div class=\"ui-vpp-highlighted-specs__key-value__labels\" style=\"align-items: center;margin-left: 16px;overflow: hidden\" data-mce-style=\"align-items: center; margin-left: 16px; overflow: hidden;\">\n<p class=\"ui-pdp-family--REGULAR ui-vpp-highlighted-specs__key-value__labels__key-value\" style=\"margin: 0px;overflow: hidden\" data-mce-style=\"margin: 0px; overflow: hidden;\"><span class=\"ui-pdp-color--BLACK ui-pdp-size--XSMALL ui-pdp-family--REGULAR\" style=\"font-size: 14px\" data-mce-style=\"font-size: 14px;\">\u00c9 adequado para uso ao ar livre:\u00a0<\/span><span class=\"ui-pdp-color--BLACK ui-pdp-size--XSMALL ui-pdp-family--SEMIBOLD\" style=\"font-size: 14px;font-weight: 600\" data-mce-style=\"font-size: 14px; font-weight: 600;\">Sim<\/span><\/p>\n<\/div>\n<\/div>\n<\/div>\n<div class=\"ui-pdp-container__row ui-vpp-highlighted-specs__attribute-columns__row\" style=\"flex: 0 1 auto;flex-flow: row wrap\" data-mce-style=\"flex: 0 1 auto; flex-flow: row wrap;\">\n<div class=\"ui-vpp-highlighted-specs__key-value\" style=\"width: 339px;align-items: center\" data-mce-style=\"width: 339px; align-items: center;\">\n<div aria-hidden=\"true\" class=\"ui-pdp-background-color--GRAY_40 ui-vpp-highlighted-specs__filled-icon ui-vpp-highlighted-specs__filled-icon--ROUNDED\" style=\"position: relative;border-radius: 50%;height: 32px;max-height: 32px;max-width: 32px;min-height: 32px;min-width: 32px;width: 32px;align-self: start\" data-mce-style=\"position: relative; border-radius: 50%; height: 32px; max-height: 32px; max-width: 32px; min-height: 32px; min-width: 32px; width: 32px; align-self: start;\"><img decoding=\"async\" src=\"https:\/\/http2.mlstatic.com\/storage\/catalog-technical-specs\/images\/assets\/vectorial\/con_luces_led_sp.svg\" class=\"ui-pdp-image ui-vpp-image-component\" style=\"left: 16px;margin: auto;position: absolute;top: 16px\" data-mce-src=\"https:\/\/http2.mlstatic.com\/storage\/catalog-technical-specs\/images\/assets\/vectorial\/con_luces_led_sp.svg\" data-mce-style=\"left: 16px; margin: auto; position: absolute; top: 16px;\"><\/div>\n<div class=\"ui-vpp-highlighted-specs__key-value__labels\" style=\"align-items: center;margin-left: 16px;overflow: hidden\" data-mce-style=\"align-items: center; margin-left: 16px; overflow: hidden;\">\n<p class=\"ui-pdp-family--REGULAR ui-vpp-highlighted-specs__key-value__labels__key-value\" style=\"margin: 0px;overflow: hidden\" data-mce-style=\"margin: 0px; overflow: hidden;\"><span class=\"ui-pdp-color--BLACK ui-pdp-size--XSMALL ui-pdp-family--REGULAR\" style=\"font-size: 14px\" data-mce-style=\"font-size: 14px;\">Com luzes LED:\u00a0<\/span><span class=\"ui-pdp-color--BLACK ui-pdp-size--XSMALL ui-pdp-family--SEMIBOLD\" style=\"font-size: 14px;font-weight: 600\" data-mce-style=\"font-size: 14px; font-weight: 600;\">Sim<\/span><\/p>\n<\/div>\n<\/div>\n<\/div>\n<\/div>\n<div class=\"ui-vpp-highlighted-specs__attribute-columns__column\" style=\"overflow: hidden;width: 339px\" data-mce-style=\"overflow: hidden; width: 339px;\">\n<div class=\"ui-pdp-container__row ui-vpp-highlighted-specs__attribute-columns__row\" style=\"flex: 0 1 auto;flex-flow: row wrap;margin-bottom: 24px\" data-mce-style=\"flex: 0 1 auto; flex-flow: row wrap; margin-bottom: 24px;\">\n<div class=\"ui-vpp-highlighted-specs__key-value\" style=\"width: 339px;align-items: center\" data-mce-style=\"width: 339px; align-items: center;\">\n<div aria-hidden=\"true\" class=\"ui-pdp-background-color--GRAY_40 ui-vpp-highlighted-specs__filled-icon ui-vpp-highlighted-specs__filled-icon--ROUNDED\" style=\"position: relative;border-radius: 50%;height: 32px;max-height: 32px;max-width: 32px;min-height: 32px;min-width: 32px;width: 32px;align-self: start\" data-mce-style=\"position: relative; border-radius: 50%; height: 32px; max-height: 32px; max-width: 32px; min-height: 32px; min-width: 32px; width: 32px; align-self: start;\"><img decoding=\"async\" src=\"https:\/\/http2.mlstatic.com\/storage\/catalog-technical-specs\/images\/assets\/vectorial\/con_bluetooth_sp.svg\" class=\"ui-pdp-image ui-vpp-image-component\" style=\"left: 16px;margin: auto;position: absolute;top: 16px\" data-mce-src=\"https:\/\/http2.mlstatic.com\/storage\/catalog-technical-specs\/images\/assets\/vectorial\/con_bluetooth_sp.svg\" data-mce-style=\"left: 16px; margin: auto; position: absolute; top: 16px;\"><\/div>\n<div class=\"ui-vpp-highlighted-specs__key-value__labels\" style=\"align-items: center;margin-left: 16px;overflow: hidden\" data-mce-style=\"align-items: center; margin-left: 16px; overflow: hidden;\">\n<p class=\"ui-pdp-family--REGULAR ui-vpp-highlighted-specs__key-value__labels__key-value\" style=\"margin: 0px;overflow: hidden\" data-mce-style=\"margin: 0px; overflow: hidden;\"><span class=\"ui-pdp-color--BLACK ui-pdp-size--XSMALL ui-pdp-family--REGULAR\" style=\"font-size: 14px\" data-mce-style=\"font-size: 14px;\">Com Bluetooth:\u00a0<\/span><span class=\"ui-pdp-color--BLACK ui-pdp-size--XSMALL ui-pdp-family--SEMIBOLD\" style=\"font-size: 14px;font-weight: 600\" data-mce-style=\"font-size: 14px; font-weight: 600;\">Sim<\/span><\/p>\n<\/div>\n<\/div>\n<\/div>\n<div class=\"ui-pdp-container__row ui-vpp-highlighted-specs__attribute-columns__row\" style=\"flex: 0 1 auto;flex-flow: row wrap\" data-mce-style=\"flex: 0 1 auto; flex-flow: row wrap;\">\n<div class=\"ui-vpp-highlighted-specs__key-value\" style=\"width: 339px;align-items: center\" data-mce-style=\"width: 339px; align-items: center;\">\n<div aria-hidden=\"true\" class=\"ui-pdp-background-color--GRAY_40 ui-vpp-highlighted-specs__filled-icon ui-vpp-highlighted-specs__filled-icon--ROUNDED\" style=\"position: relative;border-radius: 50%;height: 32px;max-height: 32px;max-width: 32px;min-height: 32px;min-width: 32px;width: 32px;align-self: start\" data-mce-style=\"position: relative; border-radius: 50%; height: 32px; max-height: 32px; max-width: 32px; min-height: 32px; min-width: 32px; width: 32px; align-self: start;\"><img decoding=\"async\" src=\"https:\/\/http2.mlstatic.com\/storage\/catalog-technical-specs\/images\/assets\/vectorial\/incluye_bateria_recargable_sp.svg\" class=\"ui-pdp-image ui-vpp-image-component\" style=\"left: 16px;margin: auto;position: absolute;top: 16px\" data-mce-src=\"https:\/\/http2.mlstatic.com\/storage\/catalog-technical-specs\/images\/assets\/vectorial\/incluye_bateria_recargable_sp.svg\" data-mce-style=\"left: 16px; margin: auto; position: absolute; top: 16px;\"><\/div>\n<div class=\"ui-vpp-highlighted-specs__key-value__labels\" style=\"align-items: center;margin-left: 16px;overflow: hidden\" data-mce-style=\"align-items: center; margin-left: 16px; overflow: hidden;\">\n<p class=\"ui-pdp-family--REGULAR ui-vpp-highlighted-specs__key-value__labels__key-value\" style=\"margin: 0px;overflow: hidden\" data-mce-style=\"margin: 0px; overflow: hidden;\"><span class=\"ui-pdp-color--BLACK ui-pdp-size--XSMALL ui-pdp-family--REGULAR\" style=\"font-size: 14px\" data-mce-style=\"font-size: 14px;\">Inclui bateria recarreg\u00e1vel:<\/span>\u00a0<span class=\"ui-pdp-color--BLACK ui-pdp-size--XSMALL ui-pdp-family--SEMIBOLD\" style=\"font-size: 14px;font-weight: 600\" data-mce-style=\"font-size: 14px; font-weight: 600;\">Sim<\/span><\/p>\n<\/div>\n<\/div>\n<\/div>\n<\/div>\n<\/div>\n<\/div>\n","protected":false},"featured_media":300,"comment_status":"open","ping_status":"closed","template":"","meta":[],"product_brand":[],"product_cat":[66],"product_tag":[],"class_list":{"0":"post-301","1":"product","2":"type-product","3":"status-publish","4":"has-post-thumbnail","6":"product_cat-caixa-de-som","8":"first","9":"instock","10":"sale","11":"taxable","12":"shipping-taxable","13":"purchasable","14":"product-type-simple"},"_links":{"self":[{"href":"https:\/\/brinkbi.com.br\/index.php\/wp-json\/wp\/v2\/product\/301","targetHints":{"allow":["GET"]}}],"collection":[{"href":"https:\/\/brinkbi.com.br\/index.php\/wp-json\/wp\/v2\/product"}],"about":[{"href":"https:\/\/brinkbi.com.br\/index.php\/wp-json\/wp\/v2\/types\/product"}],"replies":[{"embeddable":true,"href":"https:\/\/brinkbi.com.br\/index.php\/wp-json\/wp\/v2\/comments?post=301"}],"wp:featuredmedia":[{"embeddable":true,"href":"https:\/\/brinkbi.com.br\/index.php\/wp-json\/wp\/v2\/media\/300"}],"wp:attachment":[{"href":"https:\/\/brinkbi.com.br\/index.php\/wp-json\/wp\/v2\/media?parent=301"}],"wp:term":[{"taxonomy":"product_brand","embeddable":true,"href":"https:\/\/brinkbi.com.br\/index.php\/wp-json\/wp\/v2\/product_brand?post=301"},{"taxonomy":"product_cat","embeddable":true,"href":"https:\/\/brinkbi.com.br\/index.php\/wp-json\/wp\/v2\/product_cat?post=301"},{"taxonomy":"product_tag","embeddable":true,"href":"https:\/\/brinkbi.com.br\/index.php\/wp-json\/wp\/v2\/product_tag?post=301"}],"curies":[{"name":"wp","href":"https:\/\/api.w.org\/{rel}","templated":true}]}}