{"id":438,"date":"2023-04-20T15:08:45","date_gmt":"2023-04-20T18:08:45","guid":{"rendered":"https:\/\/brinkbi.com.br\/?post_type=product&#038;p=438"},"modified":"2023-04-20T15:16:26","modified_gmt":"2023-04-20T18:16:26","slug":"microfone-sem-fio-lapela-tipo-c","status":"publish","type":"product","link":"https:\/\/brinkbi.com.br\/index.php\/produto\/microfone-sem-fio-lapela-tipo-c\/","title":{"rendered":"Microfone Sem Fio Lapela  Tipo C"},"content":{"rendered":"<p>MICROFONE LAPELA SEM FIO USB C 2,4Ghz RECARREG\u00c1VEL PARA ANDROID TABLET<\/p>\n<p>&#8211; Conex\u00e3o USB Tipo C<br \/>\n&#8211; Alta Qualidade<br \/>\n&#8211; Omni-Direcional<br \/>\n&#8211; Voz Clara e \u00d3tima Capta\u00e7\u00e3o<br \/>\n&#8211; Capta\u00e7\u00e3o 360 Graus<br \/>\n&#8211; Longo Alcance 20-30 metros<br \/>\n&#8211; Plug-And-Play<br \/>\n&#8211; Bateria com at\u00e9 5h de dura\u00e7\u00e3o<\/p>\n<p>Caracter\u00edsticas:<\/p>\n<p>1. M\u00e3o-livre, pode ser usado para conversar, reuni\u00e3o de v\u00eddeo, grava\u00e7\u00e3o de m\u00fasica, TikTok, Youtube, Lives, Streamings, etc.<\/p>\n<p>2. Um grampo girat\u00f3rio de 360 graus para voc\u00ea grampe\u00e1-lo ao colar, ao la\u00e7o ou ao bolso facilmente<\/p>\n<p>3. Compat\u00edvel com diversos modelos de Celulares Android e Tablets<\/p>\n<p>Especifica\u00e7\u00e3o:<\/p>\n<p>&#8211; Freq\u00fc\u00eancia: 2.4GHz<br \/>\n&#8211; Tens\u00e3o de entrada: DC4.8 &#8211; 5.4V<br \/>\n&#8211; Conex\u00e3o: USB Tipo C<br \/>\n&#8211; Cor: Preto<br \/>\n&#8211; Capacidade Bateria: 80mAh<br \/>\n&#8211; Dist\u00e2ncia de transmiss\u00e3o: 30-50metros<br \/>\n&#8211; Tamanho do microfone: 62*23*28mm<br \/>\n&#8211; Peso do Microfone: 7g<br \/>\n&#8211; Tamanho do receptor: 45*27*7mm<br \/>\n&#8211; Peso do receptor: 4g<br \/>\n&#8211; Faixa de frequ\u00eancia: 20hz-20khz<br \/>\n&#8211; Sensibilidade:-30db 11db<br \/>\n&#8211; SNR: &gt;60dB<br \/>\n&#8211; Imped\u00e2ncia: &lt;= 2.2k ohm<\/p>\n<p>Instru\u00e7\u00f5es de Uso:<br \/>\n1. Conecte o receptor no seu aparelho<br \/>\n2. Pressione o bot\u00e3o do lapela por 2 segundos<br \/>\n3. Luz come\u00e7ar\u00e1 a piscar alternando vermelho e verde<br \/>\n4. A luz ficar\u00e1 est\u00e1tica apenas verde<br \/>\n5. PRONTO! Microfone conectado!<\/p>\n<p>OBS: Caso a luz verde fique piscando significa que ele estar\u00e1 mudo, ent\u00e3o deve-se pressionar apenas uma vez o bot\u00e3o do lapela para que ele volte a captar.<\/p>\n<p>Conte\u00fado da embalagem:<br \/>\n1 x microfone sem fio recarreg\u00e1vel<br \/>\n1 x Receptor<br \/>\n1 x Manual Em Ingl\u00eas<br \/>\n1 x cabo USB<\/p>\n","protected":false},"excerpt":{"rendered":"<div class=\"ui-pdp-container__row ui-pdp-container__row--highlighted-specs-title\">\n<h2 class=\"ui-vpp-text-alignment--left ui-pdp-color--BLACK ui-pdp-size--XLARGE ui-pdp-family--REGULAR highlighted-specs-title\">Caracter\u00edsticas do produto<\/h2>\n<\/div>\n<div class=\"ui-pdp-container__row ui-pdp-container__row--attributes\">\n<div class=\"ui-vpp-highlighted-specs__attribute-columns\">\n<div class=\"ui-vpp-highlighted-specs__attribute-columns__column\">\n<div class=\"ui-pdp-container__row ui-vpp-highlighted-specs__attribute-columns__row\">\n<div class=\"ui-vpp-highlighted-specs__key-value\">\n<div class=\"ui-pdp-background-color--GRAY_40 ui-vpp-highlighted-specs__filled-icon ui-vpp-highlighted-specs__filled-icon--ROUNDED\" aria-hidden=\"true\"><img decoding=\"async\" class=\"ui-pdp-image ui-vpp-image-component\" src=\"https:\/\/http2.mlstatic.com\/storage\/catalog-technical-specs\/images\/assets\/vectorial\/default.svg\" \/><\/div>\n<div class=\"ui-vpp-highlighted-specs__key-value__labels\">\n<p class=\"ui-pdp-family--REGULAR ui-vpp-highlighted-specs__key-value__labels__key-value\"><span class=\"ui-pdp-color--BLACK ui-pdp-size--XSMALL ui-pdp-family--REGULAR\">Tipos de microfone:\u00a0<\/span><span class=\"ui-pdp-color--BLACK ui-pdp-size--XSMALL ui-pdp-family--SEMIBOLD\">Condensador,Lapela,omnidirecional<\/span><\/p>\n<\/div>\n<\/div>\n<\/div>\n<div class=\"ui-pdp-container__row ui-vpp-highlighted-specs__attribute-columns__row\">\n<div class=\"ui-vpp-highlighted-specs__key-value\">\n<div class=\"ui-pdp-background-color--GRAY_40 ui-vpp-highlighted-specs__filled-icon ui-vpp-highlighted-specs__filled-icon--ROUNDED\" aria-hidden=\"true\"><img decoding=\"async\" class=\"ui-pdp-image ui-vpp-image-component\" src=\"https:\/\/http2.mlstatic.com\/storage\/catalog-technical-specs\/images\/assets\/vectorial\/default.svg\" \/><\/div>\n<div class=\"ui-vpp-highlighted-specs__key-value__labels\">\n<p class=\"ui-pdp-family--REGULAR ui-vpp-highlighted-specs__key-value__labels__key-value\"><span class=\"ui-pdp-color--BLACK ui-pdp-size--XSMALL ui-pdp-family--REGULAR\">\u00c9 sim fio:<\/span>\u00a0<span class=\"ui-pdp-color--BLACK ui-pdp-size--XSMALL ui-pdp-family--SEMIBOLD\">USB tipo C<\/span><\/p>\n<\/div>\n<\/div>\n<\/div>\n<\/div>\n<div class=\"ui-vpp-highlighted-specs__attribute-columns__column\">\n<div class=\"ui-pdp-container__row ui-vpp-highlighted-specs__attribute-columns__row\">\n<div class=\"ui-vpp-highlighted-specs__key-value\">\n<div class=\"ui-pdp-background-color--GRAY_40 ui-vpp-highlighted-specs__filled-icon ui-vpp-highlighted-specs__filled-icon--ROUNDED\" aria-hidden=\"true\"><img decoding=\"async\" class=\"ui-pdp-image ui-vpp-image-component\" src=\"https:\/\/http2.mlstatic.com\/storage\/catalog-technical-specs\/images\/assets\/vectorial\/default.svg\" \/><\/div>\n<div class=\"ui-vpp-highlighted-specs__key-value__labels\">\n<p class=\"ui-pdp-family--REGULAR ui-vpp-highlighted-specs__key-value__labels__key-value\"><span class=\"ui-pdp-color--BLACK ui-pdp-size--XSMALL ui-pdp-family--REGULAR\">Padr\u00f5es polares:<\/span>\u00a0<span class=\"ui-pdp-color--BLACK ui-pdp-size--XSMALL ui-pdp-family--SEMIBOLD\">Android,Tipo C,USB C,Tablet Android,Celular Android,Samsung,Xiaomi,Motorola,MacOS<\/span><\/p>\n<\/div>\n<\/div>\n<\/div>\n<div class=\"ui-pdp-container__row ui-vpp-highlighted-specs__attribute-columns__row\">\n<div class=\"ui-vpp-highlighted-specs__key-value\">\n<div class=\"ui-pdp-background-color--GRAY_40 ui-vpp-highlighted-specs__filled-icon ui-vpp-highlighted-specs__filled-icon--ROUNDED\" aria-hidden=\"true\"><img decoding=\"async\" class=\"ui-pdp-image ui-vpp-image-component\" src=\"https:\/\/http2.mlstatic.com\/storage\/catalog-technical-specs\/images\/assets\/vectorial\/default.svg\" \/><\/div>\n<div class=\"ui-vpp-highlighted-specs__key-value__labels\">\n<p class=\"ui-pdp-family--REGULAR ui-vpp-highlighted-specs__key-value__labels__key-value\"><span class=\"ui-pdp-color--BLACK ui-pdp-size--XSMALL ui-pdp-family--REGULAR\">Com alto-falante embutido:<\/span>\u00a0<span class=\"ui-pdp-color--BLACK ui-pdp-size--XSMALL ui-pdp-family--SEMIBOLD\">N\u00e3o<\/span><\/p>\n<\/div>\n<\/div>\n<\/div>\n<\/div>\n<\/div>\n<\/div>\n","protected":false},"featured_media":439,"comment_status":"open","ping_status":"closed","template":"","meta":[],"product_brand":[],"product_cat":[19],"product_tag":[],"class_list":{"0":"post-438","1":"product","2":"type-product","3":"status-publish","4":"has-post-thumbnail","6":"product_cat-eletronicos-e-tecnologia","8":"first","9":"instock","10":"sale","11":"taxable","12":"shipping-taxable","13":"purchasable","14":"product-type-simple"},"_links":{"self":[{"href":"https:\/\/brinkbi.com.br\/index.php\/wp-json\/wp\/v2\/product\/438","targetHints":{"allow":["GET"]}}],"collection":[{"href":"https:\/\/brinkbi.com.br\/index.php\/wp-json\/wp\/v2\/product"}],"about":[{"href":"https:\/\/brinkbi.com.br\/index.php\/wp-json\/wp\/v2\/types\/product"}],"replies":[{"embeddable":true,"href":"https:\/\/brinkbi.com.br\/index.php\/wp-json\/wp\/v2\/comments?post=438"}],"wp:featuredmedia":[{"embeddable":true,"href":"https:\/\/brinkbi.com.br\/index.php\/wp-json\/wp\/v2\/media\/439"}],"wp:attachment":[{"href":"https:\/\/brinkbi.com.br\/index.php\/wp-json\/wp\/v2\/media?parent=438"}],"wp:term":[{"taxonomy":"product_brand","embeddable":true,"href":"https:\/\/brinkbi.com.br\/index.php\/wp-json\/wp\/v2\/product_brand?post=438"},{"taxonomy":"product_cat","embeddable":true,"href":"https:\/\/brinkbi.com.br\/index.php\/wp-json\/wp\/v2\/product_cat?post=438"},{"taxonomy":"product_tag","embeddable":true,"href":"https:\/\/brinkbi.com.br\/index.php\/wp-json\/wp\/v2\/product_tag?post=438"}],"curies":[{"name":"wp","href":"https:\/\/api.w.org\/{rel}","templated":true}]}}